{"id":142,"date":"2024-07-04T03:37:34","date_gmt":"2024-07-04T00:37:34","guid":{"rendered":"https:\/\/alcissilva.fi\/Allan100v\/?page_id=142"},"modified":"2024-07-04T04:10:17","modified_gmt":"2024-07-04T01:10:17","slug":"allan-60v","status":"publish","type":"page","link":"https:\/\/alcissilva.fi\/Allan100v\/index.php\/allan-60v\/","title":{"rendered":"Allan 60v"},"content":{"rendered":"\n<p><a href=\"https:\/\/www.alcissilva.fi\/mikhirve\/Allan60v.mp4\">T\u00e4st\u00e4 linkist\u00e4 voit katsoa videon<\/a>, jonka Ansku on taltioinut kes\u00e4kuussa vuonna 1984, Allanin 60-vuotisp\u00e4ivill\u00e4. Muokkaan t\u00e4m\u00e4 sivun paremmaksi kunhan ehdin.<\/p>\n\n\n\n<p><\/p>\n","protected":false},"excerpt":{"rendered":"<p>T\u00e4st\u00e4 linkist\u00e4 voit katsoa videon, jonka Ansku on taltioinut kes\u00e4kuussa vuonna 1984, Allanin 60-vuotisp\u00e4ivill\u00e4. Muokkaan t\u00e4m\u00e4 sivun paremmaksi kunhan ehdin.<\/p>\n","protected":false},"author":1,"featured_media":0,"parent":0,"menu_order":0,"comment_status":"closed","ping_status":"closed","template":"","meta":{"footnotes":""},"class_list":["post-142","page","type-page","status-publish","hentry"],"_links":{"self":[{"href":"https:\/\/alcissilva.fi\/Allan100v\/index.php\/wp-json\/wp\/v2\/pages\/142","targetHints":{"allow":["GET"]}}],"collection":[{"href":"https:\/\/alcissilva.fi\/Allan100v\/index.php\/wp-json\/wp\/v2\/pages"}],"about":[{"href":"https:\/\/alcissilva.fi\/Allan100v\/index.php\/wp-json\/wp\/v2\/types\/page"}],"author":[{"embeddable":true,"href":"https:\/\/alcissilva.fi\/Allan100v\/index.php\/wp-json\/wp\/v2\/users\/1"}],"replies":[{"embeddable":true,"href":"https:\/\/alcissilva.fi\/Allan100v\/index.php\/wp-json\/wp\/v2\/comments?post=142"}],"version-history":[{"count":4,"href":"https:\/\/alcissilva.fi\/Allan100v\/index.php\/wp-json\/wp\/v2\/pages\/142\/revisions"}],"predecessor-version":[{"id":158,"href":"https:\/\/alcissilva.fi\/Allan100v\/index.php\/wp-json\/wp\/v2\/pages\/142\/revisions\/158"}],"wp:attachment":[{"href":"https:\/\/alcissilva.fi\/Allan100v\/index.php\/wp-json\/wp\/v2\/media?parent=142"}],"curies":[{"name":"wp","href":"https:\/\/api.w.org\/{rel}","templated":true}]}}