{"id":156,"date":"2024-07-04T04:07:14","date_gmt":"2024-07-04T01:07:14","guid":{"rendered":"https:\/\/alcissilva.fi\/Allan100v\/?page_id=156"},"modified":"2024-07-04T04:15:21","modified_gmt":"2024-07-04T01:15:21","slug":"kuvia-1900-luvun-lopulta","status":"publish","type":"page","link":"https:\/\/alcissilva.fi\/Allan100v\/index.php\/kuvia-1900-luvun-lopulta\/","title":{"rendered":"Kuvia 1900-luvun lopulta"},"content":{"rendered":"\n<p><a href=\"http:\/\/www.alcissilva.fi\/mikhirve\/Lauttakyla\/\">T\u00e4st\u00e4 linkist\u00e4<\/a> voit katsella vanhoja kuvia. J\u00e4rjest\u00e4n t\u00e4m\u00e4nkin sivun paremmin kunhan ehdin.<\/p>\n","protected":false},"excerpt":{"rendered":"<p>T\u00e4st\u00e4 linkist\u00e4 voit katsella vanhoja kuvia. J\u00e4rjest\u00e4n t\u00e4m\u00e4nkin sivun paremmin kunhan ehdin.<\/p>\n","protected":false},"author":1,"featured_media":0,"parent":0,"menu_order":0,"comment_status":"closed","ping_status":"closed","template":"","meta":{"footnotes":""},"class_list":["post-156","page","type-page","status-publish","hentry"],"_links":{"self":[{"href":"https:\/\/alcissilva.fi\/Allan100v\/index.php\/wp-json\/wp\/v2\/pages\/156","targetHints":{"allow":["GET"]}}],"collection":[{"href":"https:\/\/alcissilva.fi\/Allan100v\/index.php\/wp-json\/wp\/v2\/pages"}],"about":[{"href":"https:\/\/alcissilva.fi\/Allan100v\/index.php\/wp-json\/wp\/v2\/types\/page"}],"author":[{"embeddable":true,"href":"https:\/\/alcissilva.fi\/Allan100v\/index.php\/wp-json\/wp\/v2\/users\/1"}],"replies":[{"embeddable":true,"href":"https:\/\/alcissilva.fi\/Allan100v\/index.php\/wp-json\/wp\/v2\/comments?post=156"}],"version-history":[{"count":3,"href":"https:\/\/alcissilva.fi\/Allan100v\/index.php\/wp-json\/wp\/v2\/pages\/156\/revisions"}],"predecessor-version":[{"id":160,"href":"https:\/\/alcissilva.fi\/Allan100v\/index.php\/wp-json\/wp\/v2\/pages\/156\/revisions\/160"}],"wp:attachment":[{"href":"https:\/\/alcissilva.fi\/Allan100v\/index.php\/wp-json\/wp\/v2\/media?parent=156"}],"curies":[{"name":"wp","href":"https:\/\/api.w.org\/{rel}","templated":true}]}}