{"id":36,"date":"2024-07-03T02:40:05","date_gmt":"2024-07-02T23:40:05","guid":{"rendered":"https:\/\/alcissilva.fi\/Allan100v\/?page_id=36"},"modified":"2024-07-05T01:33:01","modified_gmt":"2024-07-04T22:33:01","slug":"esimerkkisivu2","status":"publish","type":"page","link":"https:\/\/alcissilva.fi\/Allan100v\/index.php\/esimerkkisivu2\/","title":{"rendered":"Kuvia ruokailusta"},"content":{"rendered":"\n<figure class=\"wp-block-image size-large\"><a href=\"https:\/\/alcissilva.fi\/Allan100v\/wp-content\/uploads\/2024\/07\/Ruokasali1-scaled.jpg\"><img loading=\"lazy\" decoding=\"async\" width=\"1024\" height=\"771\" src=\"https:\/\/alcissilva.fi\/Allan100v\/wp-content\/uploads\/2024\/07\/Ruokasali1-1024x771.jpg\" alt=\"\" class=\"wp-image-101\" srcset=\"https:\/\/alcissilva.fi\/Allan100v\/wp-content\/uploads\/2024\/07\/Ruokasali1-1024x771.jpg 1024w, https:\/\/alcissilva.fi\/Allan100v\/wp-content\/uploads\/2024\/07\/Ruokasali1-300x226.jpg 300w, https:\/\/alcissilva.fi\/Allan100v\/wp-content\/uploads\/2024\/07\/Ruokasali1-768x578.jpg 768w, https:\/\/alcissilva.fi\/Allan100v\/wp-content\/uploads\/2024\/07\/Ruokasali1-1536x1157.jpg 1536w, https:\/\/alcissilva.fi\/Allan100v\/wp-content\/uploads\/2024\/07\/Ruokasali1-2048x1542.jpg 2048w, https:\/\/alcissilva.fi\/Allan100v\/wp-content\/uploads\/2024\/07\/Ruokasali1-600x452.jpg 600w, https:\/\/alcissilva.fi\/Allan100v\/wp-content\/uploads\/2024\/07\/Ruokasali1-945x712.jpg 945w\" sizes=\"auto, (max-width: 1024px) 100vw, 1024px\" \/><\/a><figcaption class=\"wp-element-caption\">Kuva 1<\/figcaption><\/figure>\n\n\n\n<p>Opiston ruokalassa pitopalvelu tarjoili tuoresalaattia, perunasalaattia, broilerikiusausta, makaronilaatikkoa, ja monta muuta lajia joita en en\u00e4\u00e4 muista. \u00c4itini Sisko Hirvensalo oli leiponut aterialle saaristolaisleipi\u00e4 ja j\u00e4lkiruokaa varten pullia sek\u00e4 lusikkaleipi\u00e4. T\u00e4ytekakut tulivat pitopalvelun puolesta. Moni muukin oli tuonut yht\u00e4 sun toista hyv\u00e4\u00e4. Erityisesti lapsille ja lapsenmielisille oli hankittu makeisia mahan t\u00e4ydelt\u00e4.<\/p>\n\n\n\n<p>Kutsu kokoontumiseen tuli Veijon ja Sinikan nimiss\u00e4, mutta ep\u00e4ilem\u00e4tt\u00e4 monet muutkin \u00e4itini sisarukset ovat vaikuttaneet tilaisuuden onnistumiseen.<\/p>\n\n\n\n<figure class=\"wp-block-image size-large\"><a href=\"https:\/\/alcissilva.fi\/Allan100v\/wp-content\/uploads\/2024\/07\/Ruokasali2-scaled.jpg\"><img loading=\"lazy\" decoding=\"async\" width=\"1024\" height=\"771\" src=\"https:\/\/alcissilva.fi\/Allan100v\/wp-content\/uploads\/2024\/07\/Ruokasali2-1024x771.jpg\" alt=\"\" class=\"wp-image-104\" srcset=\"https:\/\/alcissilva.fi\/Allan100v\/wp-content\/uploads\/2024\/07\/Ruokasali2-1024x771.jpg 1024w, https:\/\/alcissilva.fi\/Allan100v\/wp-content\/uploads\/2024\/07\/Ruokasali2-300x226.jpg 300w, https:\/\/alcissilva.fi\/Allan100v\/wp-content\/uploads\/2024\/07\/Ruokasali2-768x578.jpg 768w, https:\/\/alcissilva.fi\/Allan100v\/wp-content\/uploads\/2024\/07\/Ruokasali2-1536x1157.jpg 1536w, https:\/\/alcissilva.fi\/Allan100v\/wp-content\/uploads\/2024\/07\/Ruokasali2-2048x1542.jpg 2048w, https:\/\/alcissilva.fi\/Allan100v\/wp-content\/uploads\/2024\/07\/Ruokasali2-600x452.jpg 600w, https:\/\/alcissilva.fi\/Allan100v\/wp-content\/uploads\/2024\/07\/Ruokasali2-945x712.jpg 945w\" sizes=\"auto, (max-width: 1024px) 100vw, 1024px\" \/><\/a><figcaption class=\"wp-element-caption\">Kuva 2<\/figcaption><\/figure>\n\n\n\n<figure class=\"wp-block-image size-large\"><a href=\"https:\/\/alcissilva.fi\/Allan100v\/wp-content\/uploads\/2024\/07\/Ruokasali3-scaled.jpg\"><img loading=\"lazy\" decoding=\"async\" width=\"1024\" height=\"771\" src=\"https:\/\/alcissilva.fi\/Allan100v\/wp-content\/uploads\/2024\/07\/Ruokasali3-1024x771.jpg\" alt=\"\" class=\"wp-image-106\" srcset=\"https:\/\/alcissilva.fi\/Allan100v\/wp-content\/uploads\/2024\/07\/Ruokasali3-1024x771.jpg 1024w, https:\/\/alcissilva.fi\/Allan100v\/wp-content\/uploads\/2024\/07\/Ruokasali3-300x226.jpg 300w, https:\/\/alcissilva.fi\/Allan100v\/wp-content\/uploads\/2024\/07\/Ruokasali3-768x578.jpg 768w, https:\/\/alcissilva.fi\/Allan100v\/wp-content\/uploads\/2024\/07\/Ruokasali3-1536x1157.jpg 1536w, https:\/\/alcissilva.fi\/Allan100v\/wp-content\/uploads\/2024\/07\/Ruokasali3-2048x1542.jpg 2048w, https:\/\/alcissilva.fi\/Allan100v\/wp-content\/uploads\/2024\/07\/Ruokasali3-600x452.jpg 600w, https:\/\/alcissilva.fi\/Allan100v\/wp-content\/uploads\/2024\/07\/Ruokasali3-945x712.jpg 945w\" sizes=\"auto, (max-width: 1024px) 100vw, 1024px\" \/><\/a><figcaption class=\"wp-element-caption\">Kuva 3<\/figcaption><\/figure>\n\n\n\n<figure class=\"wp-block-image size-large\"><a href=\"https:\/\/alcissilva.fi\/Allan100v\/wp-content\/uploads\/2024\/07\/Ruokasali4-scaled.jpg\"><img loading=\"lazy\" decoding=\"async\" width=\"1024\" height=\"771\" src=\"https:\/\/alcissilva.fi\/Allan100v\/wp-content\/uploads\/2024\/07\/Ruokasali4-1024x771.jpg\" alt=\"\" class=\"wp-image-107\" srcset=\"https:\/\/alcissilva.fi\/Allan100v\/wp-content\/uploads\/2024\/07\/Ruokasali4-1024x771.jpg 1024w, https:\/\/alcissilva.fi\/Allan100v\/wp-content\/uploads\/2024\/07\/Ruokasali4-300x226.jpg 300w, https:\/\/alcissilva.fi\/Allan100v\/wp-content\/uploads\/2024\/07\/Ruokasali4-768x578.jpg 768w, https:\/\/alcissilva.fi\/Allan100v\/wp-content\/uploads\/2024\/07\/Ruokasali4-1536x1157.jpg 1536w, https:\/\/alcissilva.fi\/Allan100v\/wp-content\/uploads\/2024\/07\/Ruokasali4-2048x1542.jpg 2048w, https:\/\/alcissilva.fi\/Allan100v\/wp-content\/uploads\/2024\/07\/Ruokasali4-600x452.jpg 600w, https:\/\/alcissilva.fi\/Allan100v\/wp-content\/uploads\/2024\/07\/Ruokasali4-945x712.jpg 945w\" sizes=\"auto, (max-width: 1024px) 100vw, 1024px\" \/><\/a><figcaption class=\"wp-element-caption\">Kuva 4<\/figcaption><\/figure>\n\n\n\n<figure class=\"wp-block-image size-large\"><a href=\"https:\/\/alcissilva.fi\/Allan100v\/wp-content\/uploads\/2024\/07\/Ruokasali5-scaled.jpg\"><img loading=\"lazy\" decoding=\"async\" width=\"1024\" height=\"771\" src=\"https:\/\/alcissilva.fi\/Allan100v\/wp-content\/uploads\/2024\/07\/Ruokasali5-1024x771.jpg\" alt=\"\" class=\"wp-image-108\" srcset=\"https:\/\/alcissilva.fi\/Allan100v\/wp-content\/uploads\/2024\/07\/Ruokasali5-1024x771.jpg 1024w, https:\/\/alcissilva.fi\/Allan100v\/wp-content\/uploads\/2024\/07\/Ruokasali5-300x226.jpg 300w, https:\/\/alcissilva.fi\/Allan100v\/wp-content\/uploads\/2024\/07\/Ruokasali5-768x578.jpg 768w, https:\/\/alcissilva.fi\/Allan100v\/wp-content\/uploads\/2024\/07\/Ruokasali5-1536x1157.jpg 1536w, https:\/\/alcissilva.fi\/Allan100v\/wp-content\/uploads\/2024\/07\/Ruokasali5-2048x1542.jpg 2048w, https:\/\/alcissilva.fi\/Allan100v\/wp-content\/uploads\/2024\/07\/Ruokasali5-600x452.jpg 600w, https:\/\/alcissilva.fi\/Allan100v\/wp-content\/uploads\/2024\/07\/Ruokasali5-945x712.jpg 945w\" sizes=\"auto, (max-width: 1024px) 100vw, 1024px\" \/><\/a><figcaption class=\"wp-element-caption\">Kuva 5<\/figcaption><\/figure>\n","protected":false},"excerpt":{"rendered":"<p>Opiston ruokalassa pitopalvelu tarjoili tuoresalaattia, perunasalaattia, broilerikiusausta, makaronilaatikkoa, ja monta muuta lajia joita en en\u00e4\u00e4 muista. \u00c4itini Sisko Hirvensalo oli leiponut aterialle saaristolaisleipi\u00e4 ja j\u00e4lkiruokaa varten pullia sek\u00e4 lusikkaleipi\u00e4. T\u00e4ytekakut tulivat pitopalvelun puolesta. Moni muukin oli tuonut yht\u00e4 sun toista&#8230; <a class=\"more-link\" href=\"https:\/\/alcissilva.fi\/Allan100v\/index.php\/esimerkkisivu2\/\">Continue Reading &rarr;<\/a><\/p>\n","protected":false},"author":1,"featured_media":0,"parent":0,"menu_order":0,"comment_status":"open","ping_status":"closed","template":"","meta":{"footnotes":""},"class_list":["post-36","page","type-page","status-publish","hentry"],"_links":{"self":[{"href":"https:\/\/alcissilva.fi\/Allan100v\/index.php\/wp-json\/wp\/v2\/pages\/36","targetHints":{"allow":["GET"]}}],"collection":[{"href":"https:\/\/alcissilva.fi\/Allan100v\/index.php\/wp-json\/wp\/v2\/pages"}],"about":[{"href":"https:\/\/alcissilva.fi\/Allan100v\/index.php\/wp-json\/wp\/v2\/types\/page"}],"author":[{"embeddable":true,"href":"https:\/\/alcissilva.fi\/Allan100v\/index.php\/wp-json\/wp\/v2\/users\/1"}],"replies":[{"embeddable":true,"href":"https:\/\/alcissilva.fi\/Allan100v\/index.php\/wp-json\/wp\/v2\/comments?post=36"}],"version-history":[{"count":8,"href":"https:\/\/alcissilva.fi\/Allan100v\/index.php\/wp-json\/wp\/v2\/pages\/36\/revisions"}],"predecessor-version":[{"id":173,"href":"https:\/\/alcissilva.fi\/Allan100v\/index.php\/wp-json\/wp\/v2\/pages\/36\/revisions\/173"}],"wp:attachment":[{"href":"https:\/\/alcissilva.fi\/Allan100v\/index.php\/wp-json\/wp\/v2\/media?parent=36"}],"curies":[{"name":"wp","href":"https:\/\/api.w.org\/{rel}","templated":true}]}}