{"id":38,"date":"2024-07-02T02:42:06","date_gmt":"2024-07-01T23:42:06","guid":{"rendered":"https:\/\/alcissilva.fi\/Allan100v\/?page_id=38"},"modified":"2024-07-04T03:01:49","modified_gmt":"2024-07-04T00:01:49","slug":"sivu3","status":"publish","type":"page","link":"https:\/\/alcissilva.fi\/Allan100v\/index.php\/sivu3\/","title":{"rendered":"Ryhm\u00e4kuva osina"},"content":{"rendered":"\n<figure class=\"wp-block-image size-large is-resized\"><a href=\"https:\/\/alcissilva.fi\/Allan100v\/wp-content\/uploads\/2024\/07\/Kuva6-scaled.jpg\"><img loading=\"lazy\" decoding=\"async\" width=\"1024\" height=\"768\" src=\"https:\/\/alcissilva.fi\/Allan100v\/wp-content\/uploads\/2024\/07\/Kuva6-1024x768.jpg\" alt=\"\" class=\"wp-image-34\" style=\"width:839px;height:auto\" srcset=\"https:\/\/alcissilva.fi\/Allan100v\/wp-content\/uploads\/2024\/07\/Kuva6-1024x768.jpg 1024w, https:\/\/alcissilva.fi\/Allan100v\/wp-content\/uploads\/2024\/07\/Kuva6-300x225.jpg 300w, https:\/\/alcissilva.fi\/Allan100v\/wp-content\/uploads\/2024\/07\/Kuva6-768x576.jpg 768w, https:\/\/alcissilva.fi\/Allan100v\/wp-content\/uploads\/2024\/07\/Kuva6-1536x1152.jpg 1536w, https:\/\/alcissilva.fi\/Allan100v\/wp-content\/uploads\/2024\/07\/Kuva6-2048x1536.jpg 2048w\" sizes=\"auto, (max-width: 1024px) 100vw, 1024px\" \/><\/a><figcaption class=\"wp-element-caption\"><strong>Kuva 1<\/strong><\/figcaption><\/figure>\n\n\n\n<p>&#8221;Soi kunniaksi luojan&#8221; kaikui yhteislauluna opiston terassilla.<\/p>\n\n\n\n<p>Klikkaa kuvia suuremmaksi. Suku on laaja ja monet tapasivat ensimm\u00e4ist\u00e4 kertaa moniin vuosiin. Lis\u00e4ksi aika muuttaa kaikkien ulkomuotoa vuodesta toiseen ja monet ovat solmineet liittoja. Kuten kuvista 5 ja 6 n\u00e4kyy, on my\u00f6s nuorta polvea syntynyt. Voi hyvinkin siis olla, ett\u00e4 et tunne kaikkia kuvissa esiintyvi\u00e4 henkil\u00f6it\u00e4.<\/p>\n\n\n\n<p>Jos et tunne jotakuta kuvassa esiintyv\u00e4\u00e4 henkil\u00f6\u00e4 vaikka tahtoisit, kirjoita kommenttikentt\u00e4\u00e4n kysymys. Vastatkoon kuka tiet\u00e4\u00e4. Olen kirjoittanut esimerkin kysymyksest\u00e4 ja vastauksesta.<\/p>\n\n\n\n<figure class=\"wp-block-image size-large is-resized\"><a href=\"https:\/\/alcissilva.fi\/Allan100v\/wp-content\/uploads\/2024\/07\/Kuva5-scaled.jpg\"><img loading=\"lazy\" decoding=\"async\" width=\"1024\" height=\"768\" src=\"https:\/\/alcissilva.fi\/Allan100v\/wp-content\/uploads\/2024\/07\/Kuva5-1024x768.jpg\" alt=\"\" class=\"wp-image-33\" style=\"width:838px;height:auto\" srcset=\"https:\/\/alcissilva.fi\/Allan100v\/wp-content\/uploads\/2024\/07\/Kuva5-1024x768.jpg 1024w, https:\/\/alcissilva.fi\/Allan100v\/wp-content\/uploads\/2024\/07\/Kuva5-300x225.jpg 300w, https:\/\/alcissilva.fi\/Allan100v\/wp-content\/uploads\/2024\/07\/Kuva5-768x576.jpg 768w, https:\/\/alcissilva.fi\/Allan100v\/wp-content\/uploads\/2024\/07\/Kuva5-1536x1152.jpg 1536w, https:\/\/alcissilva.fi\/Allan100v\/wp-content\/uploads\/2024\/07\/Kuva5-2048x1536.jpg 2048w\" sizes=\"auto, (max-width: 1024px) 100vw, 1024px\" \/><\/a><figcaption class=\"wp-element-caption\"><strong>Kuva 2<\/strong><\/figcaption><\/figure>\n\n\n\n<p><\/p>\n\n\n\n<figure class=\"wp-block-image size-large\"><a href=\"https:\/\/alcissilva.fi\/Allan100v\/wp-content\/uploads\/2024\/07\/Kuva4-scaled.jpg\"><img loading=\"lazy\" decoding=\"async\" width=\"1024\" height=\"768\" src=\"https:\/\/alcissilva.fi\/Allan100v\/wp-content\/uploads\/2024\/07\/Kuva4-1024x768.jpg\" alt=\"\" class=\"wp-image-32\" srcset=\"https:\/\/alcissilva.fi\/Allan100v\/wp-content\/uploads\/2024\/07\/Kuva4-1024x768.jpg 1024w, https:\/\/alcissilva.fi\/Allan100v\/wp-content\/uploads\/2024\/07\/Kuva4-300x225.jpg 300w, https:\/\/alcissilva.fi\/Allan100v\/wp-content\/uploads\/2024\/07\/Kuva4-768x576.jpg 768w, https:\/\/alcissilva.fi\/Allan100v\/wp-content\/uploads\/2024\/07\/Kuva4-1536x1152.jpg 1536w, https:\/\/alcissilva.fi\/Allan100v\/wp-content\/uploads\/2024\/07\/Kuva4-2048x1536.jpg 2048w\" sizes=\"auto, (max-width: 1024px) 100vw, 1024px\" \/><\/a><figcaption class=\"wp-element-caption\"><strong>Kuva 3<\/strong><\/figcaption><\/figure>\n\n\n\n<figure class=\"wp-block-image size-large\"><a href=\"https:\/\/alcissilva.fi\/Allan100v\/wp-content\/uploads\/2024\/07\/Kuva3-scaled.jpg\"><img loading=\"lazy\" decoding=\"async\" width=\"1024\" height=\"768\" src=\"https:\/\/alcissilva.fi\/Allan100v\/wp-content\/uploads\/2024\/07\/Kuva3-1024x768.jpg\" alt=\"\" class=\"wp-image-31\" srcset=\"https:\/\/alcissilva.fi\/Allan100v\/wp-content\/uploads\/2024\/07\/Kuva3-1024x768.jpg 1024w, https:\/\/alcissilva.fi\/Allan100v\/wp-content\/uploads\/2024\/07\/Kuva3-300x225.jpg 300w, https:\/\/alcissilva.fi\/Allan100v\/wp-content\/uploads\/2024\/07\/Kuva3-768x576.jpg 768w, https:\/\/alcissilva.fi\/Allan100v\/wp-content\/uploads\/2024\/07\/Kuva3-1536x1152.jpg 1536w, https:\/\/alcissilva.fi\/Allan100v\/wp-content\/uploads\/2024\/07\/Kuva3-2048x1536.jpg 2048w\" sizes=\"auto, (max-width: 1024px) 100vw, 1024px\" \/><\/a><figcaption class=\"wp-element-caption\"><strong>Kuva 4<\/strong><\/figcaption><\/figure>\n\n\n\n<figure class=\"wp-block-image size-large\"><a href=\"https:\/\/alcissilva.fi\/Allan100v\/wp-content\/uploads\/2024\/07\/Kuva2-scaled.jpg\"><img loading=\"lazy\" decoding=\"async\" width=\"1024\" height=\"768\" src=\"https:\/\/alcissilva.fi\/Allan100v\/wp-content\/uploads\/2024\/07\/Kuva2-1024x768.jpg\" alt=\"\" class=\"wp-image-30\" srcset=\"https:\/\/alcissilva.fi\/Allan100v\/wp-content\/uploads\/2024\/07\/Kuva2-1024x768.jpg 1024w, https:\/\/alcissilva.fi\/Allan100v\/wp-content\/uploads\/2024\/07\/Kuva2-300x225.jpg 300w, https:\/\/alcissilva.fi\/Allan100v\/wp-content\/uploads\/2024\/07\/Kuva2-768x576.jpg 768w, https:\/\/alcissilva.fi\/Allan100v\/wp-content\/uploads\/2024\/07\/Kuva2-1536x1152.jpg 1536w, https:\/\/alcissilva.fi\/Allan100v\/wp-content\/uploads\/2024\/07\/Kuva2-2048x1536.jpg 2048w\" sizes=\"auto, (max-width: 1024px) 100vw, 1024px\" \/><\/a><figcaption class=\"wp-element-caption\"><strong>Kuva 5<\/strong><\/figcaption><\/figure>\n\n\n\n<figure class=\"wp-block-image size-large\"><a href=\"https:\/\/alcissilva.fi\/Allan100v\/wp-content\/uploads\/2024\/07\/Kuva1-scaled.jpg\"><img loading=\"lazy\" decoding=\"async\" width=\"1024\" height=\"768\" src=\"https:\/\/alcissilva.fi\/Allan100v\/wp-content\/uploads\/2024\/07\/Kuva1-1024x768.jpg\" alt=\"\" class=\"wp-image-29\" srcset=\"https:\/\/alcissilva.fi\/Allan100v\/wp-content\/uploads\/2024\/07\/Kuva1-1024x768.jpg 1024w, https:\/\/alcissilva.fi\/Allan100v\/wp-content\/uploads\/2024\/07\/Kuva1-300x225.jpg 300w, https:\/\/alcissilva.fi\/Allan100v\/wp-content\/uploads\/2024\/07\/Kuva1-768x576.jpg 768w, https:\/\/alcissilva.fi\/Allan100v\/wp-content\/uploads\/2024\/07\/Kuva1-1536x1152.jpg 1536w, https:\/\/alcissilva.fi\/Allan100v\/wp-content\/uploads\/2024\/07\/Kuva1-2048x1536.jpg 2048w\" sizes=\"auto, (max-width: 1024px) 100vw, 1024px\" \/><\/a><figcaption class=\"wp-element-caption\"><strong>Kuva 6<\/strong><\/figcaption><\/figure>\n","protected":false},"excerpt":{"rendered":"<p>&#8221;Soi kunniaksi luojan&#8221; kaikui yhteislauluna opiston terassilla. Klikkaa kuvia suuremmaksi. Suku on laaja ja monet tapasivat ensimm\u00e4ist\u00e4 kertaa moniin vuosiin. Lis\u00e4ksi aika muuttaa kaikkien ulkomuotoa vuodesta toiseen ja monet ovat solmineet liittoja. Kuten kuvista 5 ja 6 n\u00e4kyy, on my\u00f6s&#8230; <a class=\"more-link\" href=\"https:\/\/alcissilva.fi\/Allan100v\/index.php\/sivu3\/\">Continue Reading &rarr;<\/a><\/p>\n","protected":false},"author":1,"featured_media":0,"parent":0,"menu_order":0,"comment_status":"open","ping_status":"closed","template":"","meta":{"footnotes":""},"class_list":["post-38","page","type-page","status-publish","hentry"],"_links":{"self":[{"href":"https:\/\/alcissilva.fi\/Allan100v\/index.php\/wp-json\/wp\/v2\/pages\/38","targetHints":{"allow":["GET"]}}],"collection":[{"href":"https:\/\/alcissilva.fi\/Allan100v\/index.php\/wp-json\/wp\/v2\/pages"}],"about":[{"href":"https:\/\/alcissilva.fi\/Allan100v\/index.php\/wp-json\/wp\/v2\/types\/page"}],"author":[{"embeddable":true,"href":"https:\/\/alcissilva.fi\/Allan100v\/index.php\/wp-json\/wp\/v2\/users\/1"}],"replies":[{"embeddable":true,"href":"https:\/\/alcissilva.fi\/Allan100v\/index.php\/wp-json\/wp\/v2\/comments?post=38"}],"version-history":[{"count":17,"href":"https:\/\/alcissilva.fi\/Allan100v\/index.php\/wp-json\/wp\/v2\/pages\/38\/revisions"}],"predecessor-version":[{"id":137,"href":"https:\/\/alcissilva.fi\/Allan100v\/index.php\/wp-json\/wp\/v2\/pages\/38\/revisions\/137"}],"wp:attachment":[{"href":"https:\/\/alcissilva.fi\/Allan100v\/index.php\/wp-json\/wp\/v2\/media?parent=38"}],"curies":[{"name":"wp","href":"https:\/\/api.w.org\/{rel}","templated":true}]}}